{"id":172,"date":"2014-10-03T13:17:28","date_gmt":"2014-10-03T16:17:28","guid":{"rendered":"http:\/\/tiempodedecisiones.fess.org.ar\/?page_id=172"},"modified":"2014-12-18T15:35:31","modified_gmt":"2014-12-18T18:35:31","slug":"premios-fess-rsalud","status":"publish","type":"page","link":"https:\/\/tiempodedecisiones.fess.org.ar\/?page_id=172","title":{"rendered":"Premios FESS &#8211; RSalud"},"content":{"rendered":"<p><div id=\"flowplayer-video-346\" style=\"max-width:px;background-image:url(https:\/\/tiempodedecisiones.fess.org.ar\/wp-content\/uploads\/2014\/12\/rsalud-jornada-2014-splash.jpg);\" class=\"flowplayer-video flowplayer-video-346 flowplayer-346 minimalist color-light is-splash\" >\r\n\r\n\t\r\n\t<video preload=\"none\">\r\n\t\t<source type=\"video\/webm\" src=\"https:\/\/tiempodedecisiones.fess.org.ar\/wp-content\/uploads\/2014\/12\/rsalud-jornada-2014-premiacion1.webm\"><source type=\"video\/mp4\" src=\"https:\/\/tiempodedecisiones.fess.org.ar\/wp-content\/uploads\/2014\/12\/rsalud-jornada-2014-premiacion.mp4\"><source type=\"video\/ogg\" src=\"https:\/\/tiempodedecisiones.fess.org.ar\/wp-content\/uploads\/2014\/12\/rsalud-jornada-2014-premiacion1.ogv\">\t<\/video>\r\n\r\n\t\r\n\t\r\n<\/div>\r\n\r\n<!-- Flowplayer single video config -->\r\n<script>\r\njQuery( document ).ready( function( $ ) {\r\n\tfpVideo346 = $(\".flowplayer-video-346\").flowplayer(\r\n\t\t{\"ratio\":0.66666666666666662965923251249478198587894439697265625,\"analytics\":\"UA-53601765-2\"}\t);\r\n});\r\n<\/script>\r\n<br \/>\n&nbsp;<br \/>\n&nbsp;<br \/>\n&nbsp;<\/p>\n<div class=\"row\">\n<div class=\"col-md-6\">\n<div class=\"media\">\n<div class=\"pull-left\"><img decoding=\"async\" loading=\"lazy\" class=\"wp-image-169\" src=\"https:\/\/tiempodedecisiones.fess.org.ar\/wp-content\/uploads\/2014\/10\/Guillermo-Jaim-Etcheverry.jpg\" alt=\"Guillermo Jaim Etcheverry\" width=\"80\" height=\"80\" \/><\/div>\n<div class=\"media-body\">\n<p><span style=\"color: #006790;\">Trayectoria en Salud<\/span><br \/>\n<strong style=\"font-size: 16px;\">Guillermo Jaim Etcheverry<\/strong><\/p>\n<p>Medico egresado con Diploma de Honor de la Facultad de Medicina de la Universidad de Buenos Aires. Fue Investigador principal del  Consejo Nacional de Investigaciones Cient\u00edficas y T\u00e9cnicas (CONICET). Ocup\u00f3 todas las posiciones docentes en el Departamento de Biolog\u00eda Celular e Histolog\u00eda de la Facultad de Medicina (UBA) del que fue profesor titular, director y decano. Realiz\u00f3 estudios de posgrado en Basilea, Suiza y, entre otras distinciones, obtuvo la beca de la John Simon Guggenheim Memorial Foundation que le permiti\u00f3 trabajar en el Salk Institute de La Jolla, California. Miembro correspondiente de la Academia Ciencias M\u00e9dicas de C\u00f3rdoba y miembro de n\u00famero de la Academia Nacional de Educaci\u00f3n, de la Academia Nacional de Ciencias de Buenos Aires y de la Academia Argentina de Artes y Ciencias de la Comunicaci\u00f3n.<\/p>\n<\/div>\n<\/div>\n<\/div>\n<div class=\"col-md-6\">\n<div class=\"media\">\n<div class=\"pull-left\"><img decoding=\"async\" loading=\"lazy\" class=\"wp-image-167\" src=\"https:\/\/tiempodedecisiones.fess.org.ar\/wp-content\/uploads\/2014\/10\/fortunato.benaim-180x180.jpg\" alt=\"fortunato.benaim\" width=\"80\" height=\"80\" srcset=\"https:\/\/tiempodedecisiones.fess.org.ar\/wp-content\/uploads\/2014\/10\/fortunato.benaim-180x180.jpg 180w, https:\/\/tiempodedecisiones.fess.org.ar\/wp-content\/uploads\/2014\/10\/fortunato.benaim-245x246.jpg 245w, https:\/\/tiempodedecisiones.fess.org.ar\/wp-content\/uploads\/2014\/10\/fortunato.benaim.jpg 300w\" sizes=\"(max-width: 80px) 100vw, 80px\" \/><\/div>\n<div class=\"media-body\">\n<p><span style=\"color: #006790;\">Excelencia M\u00e9dica<\/span><br \/>\n<strong style=\"font-size: 16px;\">Fortunato Benaim<\/strong><br \/>\n<a href=\"https:\/\/twitter.com\/FortunatoBenaim\" target=\"_blank\">@FortunatoBenaim<\/a><\/p>\n<p>Presidente y Director M\u00e9dico de la Fundaci\u00f3n Benaim. Miembro de N\u00famero de la Academia Nacional de Medicina. Vicedecano de la Facultad de Ciencias para la Salud y Miembro del Consejo Superior de la Universidad de Ciencias Empresariales y Sociales (USES). Profesor Honorario de Cirug\u00eda de la Facultad de Medicina (UBA). Profesor Consulto en Cirug\u00eda Reparadora de la Facultad de Medicina de la Universidad Del Salvador (USAL). Miembro Honorario o Correspondiente de Cirug\u00eda Pl\u00e1stica y Quemaduras de todas las Sociedades Latinoamericanas, de Estados Unidos y Espa\u00f1a. Contribuy\u00f3 al conocimiento de las quemaduras con m\u00e1s de 200 publicaciones, entre las cuales se destaca el libro \u201c60 A\u00f1os dedicados a la Medicina del Quemado \u2013 Recuerdos autobiogr\u00e1ficos y aportes cient\u00edficos\u201d.<\/p>\n<\/div>\n<\/div>\n<\/div>\n<\/div>\n<p>&nbsp;<\/p>\n<div class=\"row\">\n<div class=\"col-md-6\">\n<div class=\"media\">\n<div class=\"pull-left\"><img decoding=\"async\" loading=\"lazy\" class=\"wp-image-170\" src=\"https:\/\/tiempodedecisiones.fess.org.ar\/wp-content\/uploads\/2014\/10\/novo-nordisk-300x300.jpg\" alt=\"novo-nordisk\" width=\"80\" height=\"80\" srcset=\"https:\/\/tiempodedecisiones.fess.org.ar\/wp-content\/uploads\/2014\/10\/novo-nordisk-300x300.jpg 300w, https:\/\/tiempodedecisiones.fess.org.ar\/wp-content\/uploads\/2014\/10\/novo-nordisk-180x180.jpg 180w, https:\/\/tiempodedecisiones.fess.org.ar\/wp-content\/uploads\/2014\/10\/novo-nordisk-246x246.jpg 246w, https:\/\/tiempodedecisiones.fess.org.ar\/wp-content\/uploads\/2014\/10\/novo-nordisk.jpg 500w\" sizes=\"(max-width: 80px) 100vw, 80px\" \/><\/div>\n<div class=\"media-body\">\n<p><span style=\"color: #006790;\">Aportes en Prevenci\u00f3n y Cuidados de la Salud<\/span><br \/>\n<strong style=\"font-size: 16px;\">Novo Nordisk Argentina<\/strong><br \/>\n<a href=\"https:\/\/twitter.com\/novonordisk\" target=\"_blank\">@novonordisk<\/a><\/p>\n<p>Novo Nordisk Argentina firm\u00f3 un acuerdo de cooperaci\u00f3n con el Ministerio de Ciencia, Tecnolog\u00eda e Innovaci\u00f3n productiva denominado \u201cCambiando la Salud a trav\u00e9s de la Ciencia\u201d. Este programa, que obtuvo el apoyo del gobierno del Reino de Dinamarca, reconoce el trabajo de especialistas en el \u00e1rea de Diabetes y Biotecnolog\u00eda y promueve la investigaci\u00f3n para la lucha contra esta enfermedad. Asimismo, Novo Nordisk incentiva la formaci\u00f3n y capacitaci\u00f3n de los recursos humanos del sistema de salud argentino y para el 2015 planea diversas actividades como el \u201cEstudio epidemiol\u00f3gico sobre la Diabetes en Argentina\u201d y el \u201cPrograma Academia de Educadores\u201d.<\/p>\n<\/div>\n<\/div>\n<\/div>\n<div class=\"col-md-6\">\n<div class=\"media\">\n<div class=\"pull-left\"><a href=\"https:\/\/tiempodedecisiones.fess.org.ar\/wp-content\/uploads\/2014\/10\/fundacion-rossi.jpg\"><img decoding=\"async\" loading=\"lazy\" class=\"alignnone wp-image-239\" src=\"https:\/\/tiempodedecisiones.fess.org.ar\/wp-content\/uploads\/2014\/10\/fundacion-rossi-300x214.jpg\" alt=\"fundacion rossi\" width=\"80\" height=\"57\" srcset=\"https:\/\/tiempodedecisiones.fess.org.ar\/wp-content\/uploads\/2014\/10\/fundacion-rossi-300x214.jpg 300w, https:\/\/tiempodedecisiones.fess.org.ar\/wp-content\/uploads\/2014\/10\/fundacion-rossi-1024x731.jpg 1024w, https:\/\/tiempodedecisiones.fess.org.ar\/wp-content\/uploads\/2014\/10\/fundacion-rossi-344x246.jpg 344w\" sizes=\"(max-width: 80px) 100vw, 80px\" \/><\/a><\/div>\n<div class=\"media-body\">\n<p><span style=\"color: #006790;\">Responsabilidad Social en Salud<\/span><br \/>\n<strong style=\"font-size: 16px;\">Fundaci\u00f3n Dr. Enrique Rossi<\/strong><br \/>\n<a href=\"https:\/\/twitter.com\/CentroRossi\" target=\"_blank\">@CentroRossi<\/a><\/p>\n<p>La Fundaci\u00f3n Dr. Enrique Rossi fue creada con el prop\u00f3sito de llevar a cabo m\u00faltiples actividades cient\u00edficas, docentes y asistenciales dirigidas desde la comunidad m\u00e9dica a toda la sociedad. Durante el a\u00f1o organiza seminarios y jornadas internacionales como tambi\u00e9n campa\u00f1as de concientizaci\u00f3n y prevenci\u00f3n de diferentes patolog\u00edas. A su vez, colabora con diversas ONG\u00b4S y desde 1992 trabaja junto a la Residencia en Diagn\u00f3stico por Im\u00e1genes, de la cual egresaron m\u00e1s de 100 profesionales m\u00e9dicos.<\/p>\n<\/div>\n<\/div>\n<\/div>\n<\/div>\n<p>&nbsp;<\/p>\n<div class=\"row\">\n<div class=\"col-md-6\">\n<div class=\"media\">\n<div class=\"pull-left\"><img decoding=\"async\" loading=\"lazy\" class=\"wp-image-165\" src=\"https:\/\/tiempodedecisiones.fess.org.ar\/wp-content\/uploads\/2014\/10\/Santiago-De-Estrada-180x180.jpg\" alt=\"Santiago De Estrada\" width=\"80\" height=\"80\" srcset=\"https:\/\/tiempodedecisiones.fess.org.ar\/wp-content\/uploads\/2014\/10\/Santiago-De-Estrada-180x180.jpg 180w, https:\/\/tiempodedecisiones.fess.org.ar\/wp-content\/uploads\/2014\/10\/Santiago-De-Estrada-300x300.jpg 300w, https:\/\/tiempodedecisiones.fess.org.ar\/wp-content\/uploads\/2014\/10\/Santiago-De-Estrada-246x246.jpg 246w, https:\/\/tiempodedecisiones.fess.org.ar\/wp-content\/uploads\/2014\/10\/Santiago-De-Estrada.jpg 387w\" sizes=\"(max-width: 80px) 100vw, 80px\" \/><\/div>\n<div class=\"media-body\">\n<p><span style=\"color: #006790;\">Aportes y Contribucion en Seguridad Social<\/span><br \/>\n<strong style=\"font-size: 16px;\">Dr. Santiago De Estrada<\/strong><\/p>\n<p>Actualmente es Auditor General en la Auditor\u00eda General de la Ciudad de Buenos Aires. Fue Secretario y Subsecretario de Seguridad Social de la Naci\u00f3n. Presidente e Interventor del PAMI. Presidente del Instituto Nacional de Previsi\u00f3n Social. Secretario de Promoci\u00f3n y Asistencia de la Comunidad de la Naci\u00f3n. Subsecretario de Desarrollo Social. Diputado y Vicepresidente Primero de la Legislatura de la Ciudad de Buenos Aires. Embajador Argentino ante la Santa Sede, en el Pontificado de Juan Pablo II. Profesor Titular de Derecho Social en la Facultad de Derecho de la UBA. Profesor Adjunto de Trabajo y Seguridad Social en la UCA. Profesor Adjunto de Derecho Natural en la Universidad del Salvador.<\/p>\n<\/div>\n<\/div>\n<\/div>\n<div class=\"col-md-6\">\n<div class=\"media\">\n<div class=\"pull-left\"><img decoding=\"async\" loading=\"lazy\" class=\"wp-image-166\" src=\"https:\/\/tiempodedecisiones.fess.org.ar\/wp-content\/uploads\/2014\/10\/ciudad-de-buenos-aires-180x180.jpg\" alt=\"ciudad-de-buenos-aires\" width=\"80\" height=\"80\" srcset=\"https:\/\/tiempodedecisiones.fess.org.ar\/wp-content\/uploads\/2014\/10\/ciudad-de-buenos-aires-180x180.jpg 180w, https:\/\/tiempodedecisiones.fess.org.ar\/wp-content\/uploads\/2014\/10\/ciudad-de-buenos-aires-300x300.jpg 300w, https:\/\/tiempodedecisiones.fess.org.ar\/wp-content\/uploads\/2014\/10\/ciudad-de-buenos-aires-246x246.jpg 246w, https:\/\/tiempodedecisiones.fess.org.ar\/wp-content\/uploads\/2014\/10\/ciudad-de-buenos-aires.jpg 500w\" sizes=\"(max-width: 80px) 100vw, 80px\" \/><\/div>\n<div class=\"media-body\">\n<p><span style=\"color: #006790;\">Responsabilidad Social &#8211; Medio Ambiente<\/span><br \/>\n<strong style=\"font-size: 16px;\">Gobierno de la Ciudad de Buenos Aires<\/strong><br \/>\n<a href=\"https:\/\/twitter.com\/gcba\" target=\"_blank\">@gcba<\/a><\/p>\n<p>A partir del programa Ciudad Verde motiva el cuidado del ambiente desde distintos puntos: la creaci\u00f3n de nuevos espacios verdes, el trabajo de mantenimiento de calles -como su pavimentaci\u00f3n y bacheo- , la separaci\u00f3n de residuos, la mejora de infraestructura edilicia en el Microcentro, entre otras iniciativas. A su vez, se ocupa del funcionamiento del Ministerio de Ambiente y Espacio P\u00fablico y la incorporaci\u00f3n de la Agencia de Protecci\u00f3n Ambiental, que trabaja en la profundizaci\u00f3n de estrategias ambientales y su monitoreo<\/p>\n<\/div>\n<\/div>\n<\/div>\n<\/div>\n","protected":false},"excerpt":{"rendered":"<p>&nbsp; &nbsp; &nbsp; Trayectoria en Salud Guillermo Jaim Etcheverry Medico egresado con Diploma de Honor de la Facultad de Medicina de la Universidad de Buenos Aires. Fue Investigador principal del Consejo Nacional de Investigaciones Cient\u00edficas y T\u00e9cnicas (CONICET). Ocup\u00f3 todas las posiciones docentes en el Departamento de Biolog\u00eda Celular e Histolog\u00eda de la Facultad de [&hellip;]<\/p>\n","protected":false},"author":1,"featured_media":0,"parent":0,"menu_order":0,"comment_status":"open","ping_status":"closed","template":"","meta":{"footnotes":""},"_links":{"self":[{"href":"https:\/\/tiempodedecisiones.fess.org.ar\/index.php?rest_route=\/wp\/v2\/pages\/172"}],"collection":[{"href":"https:\/\/tiempodedecisiones.fess.org.ar\/index.php?rest_route=\/wp\/v2\/pages"}],"about":[{"href":"https:\/\/tiempodedecisiones.fess.org.ar\/index.php?rest_route=\/wp\/v2\/types\/page"}],"author":[{"embeddable":true,"href":"https:\/\/tiempodedecisiones.fess.org.ar\/index.php?rest_route=\/wp\/v2\/users\/1"}],"replies":[{"embeddable":true,"href":"https:\/\/tiempodedecisiones.fess.org.ar\/index.php?rest_route=%2Fwp%2Fv2%2Fcomments&post=172"}],"version-history":[{"count":27,"href":"https:\/\/tiempodedecisiones.fess.org.ar\/index.php?rest_route=\/wp\/v2\/pages\/172\/revisions"}],"predecessor-version":[{"id":361,"href":"https:\/\/tiempodedecisiones.fess.org.ar\/index.php?rest_route=\/wp\/v2\/pages\/172\/revisions\/361"}],"wp:attachment":[{"href":"https:\/\/tiempodedecisiones.fess.org.ar\/index.php?rest_route=%2Fwp%2Fv2%2Fmedia&parent=172"}],"curies":[{"name":"wp","href":"https:\/\/api.w.org\/{rel}","templated":true}]}}